{"id":1288,"date":"2023-05-31T17:41:50","date_gmt":"2023-05-31T15:41:50","guid":{"rendered":"https:\/\/lifee.hu\/teszt\/?post_type=product&#038;p=1288"},"modified":"2025-05-13T12:07:47","modified_gmt":"2025-05-13T10:07:47","slug":"gusta-uvegvaza-allvannyal","status":"publish","type":"product","link":"https:\/\/lifee.hu\/teszt\/termek\/gusta-uvegvaza-allvannyal\/","title":{"rendered":"GUSTA \u00fcvegv\u00e1za \u00e1llv\u00e1nnyal"},"content":{"rendered":"","protected":false},"excerpt":{"rendered":"<p style=\"font-weight: 400;\">Az aktu\u00e1lis \u00e9vszakt\u00f3l, a pillanatnyi hangulatodt\u00f3l vagy egy k\u00f6zelg\u0151 alkalomt\u00f3l f\u00fcgg, hogy mire haszn\u00e1lod a GUSTA eleg\u00e1ns \u00e9s trendi v\u00e1z\u00e1j\u00e1t: tehetsz bele vir\u00e1got, m\u00e9csest, potpourrit vagy olyan dekor\u00e1ci\u00f3t, amilyet csak szeretn\u00e9l.<\/p>\n<p style=\"font-weight: 400;\"><strong>Figyelem!\u00a0<\/strong><br \/>\nHa \u00fasz\u00f3gyerty\u00e1t tenn\u00e9l a v\u00e1z\u00e1ba, \u00fcgyelj arra, hogy csak egy, maximum 4,5 cm \u00e1tm\u00e9r\u0151j\u0171 \u00fasz\u00f3gyerty\u00e1t haszn\u00e1lj. Ez megakad\u00e1lyozza, hogy az \u00fcveg a t\u00f6bb \u00fasz\u00f3gyertya h\u0151je miatt megrepedjen.<\/p>\n<p style=\"font-weight: 400;\">M\u00e9ret: 17,5 cm (\u00e1tm\u00e9r\u0151), 21 cm (magass\u00e1g)<br \/>\nAnyag: \u00fcveg, f\u00e9m<br \/>\nSz\u00edn: z\u00f6ld\/fekete<br \/>\nTiszt\u00edt\u00e1s: k\u00e9zi mosogat\u00e1s aj\u00e1nlott<\/p>\n","protected":false},"featured_media":1289,"comment_status":"open","ping_status":"closed","template":"","meta":{"_acf_changed":false,"inline_featured_image":false},"product_cat":[130],"product_tag":[118,134],"class_list":{"0":"post-1288","1":"product","2":"type-product","3":"status-publish","4":"has-post-thumbnail","6":"product_cat-dekoracio","7":"product_tag-gusta","8":"product_tag-vaza","9":"pa_marka-gusta","10":"product_brand-gusta","12":"first","13":"instock","14":"taxable","15":"shipping-taxable","16":"purchasable","17":"product-type-simple"},"acf":[],"_links":{"self":[{"href":"https:\/\/lifee.hu\/teszt\/wp-json\/wp\/v2\/product\/1288","targetHints":{"allow":["GET"]}}],"collection":[{"href":"https:\/\/lifee.hu\/teszt\/wp-json\/wp\/v2\/product"}],"about":[{"href":"https:\/\/lifee.hu\/teszt\/wp-json\/wp\/v2\/types\/product"}],"replies":[{"embeddable":true,"href":"https:\/\/lifee.hu\/teszt\/wp-json\/wp\/v2\/comments?post=1288"}],"wp:featuredmedia":[{"embeddable":true,"href":"https:\/\/lifee.hu\/teszt\/wp-json\/wp\/v2\/media\/1289"}],"wp:attachment":[{"href":"https:\/\/lifee.hu\/teszt\/wp-json\/wp\/v2\/media?parent=1288"}],"wp:term":[{"taxonomy":"product_cat","embeddable":true,"href":"https:\/\/lifee.hu\/teszt\/wp-json\/wp\/v2\/product_cat?post=1288"},{"taxonomy":"product_tag","embeddable":true,"href":"https:\/\/lifee.hu\/teszt\/wp-json\/wp\/v2\/product_tag?post=1288"}],"curies":[{"name":"wp","href":"https:\/\/api.w.org\/{rel}","templated":true}]}}