{"id":11581,"date":"2024-08-28T07:53:19","date_gmt":"2024-08-28T05:53:19","guid":{"rendered":"https:\/\/lifee.hu\/teszt\/?post_type=product&#038;p=11581"},"modified":"2025-05-13T14:36:14","modified_gmt":"2025-05-13T12:36:14","slug":"dopper-rozsdamentes-acelkulacs-ezust-490-ml","status":"publish","type":"product","link":"https:\/\/lifee.hu\/teszt\/termek\/dopper-rozsdamentes-acelkulacs-ezust-490-ml\/","title":{"rendered":"DOPPER rozsdamentes ac\u00e9lkulacs EZ\u00dcST (490 ml)"},"content":{"rendered":"<p><strong>M\u00e9retek:<\/strong><\/p>\n<ul>\n<li>\u0170rtartalom: 490 ml<\/li>\n<li>\u00c1tm\u00e9r\u0151: 6 cm<\/li>\n<li>Magass\u00e1g: 24 cm<\/li>\n<li>S\u00faly: 164 gramm<\/li>\n<\/ul>\n<p><strong>Anyagok:<\/strong><\/p>\n<ul>\n<li>18\/8 rozsdamentes ac\u00e9l (palack \u00e9s kupak)<\/li>\n<li>Tritan (poh\u00e1r)<\/li>\n<li>Szilikon (t\u00f6m\u00edt\u0151gy\u0171r\u0171 a kupakban \u00e9s a poh\u00e1rban)<\/li>\n<li>PVD-bevonattal rendelkezik<\/li>\n<li>BPA- \u00e9s k\u00e1rosanyagmentes<\/li>\n<\/ul>\n","protected":false},"excerpt":{"rendered":"<p><strong>A t\u00f6k\u00e9letes 490 ml-es vizes palack a k\u00f6vetkez\u0151 kalandodhoz<\/strong><\/p>\n<p><strong>Tulajdons\u00e1gok:<\/strong><\/p>\n<ul>\n<li>A mind\u00f6ssze 164 grammos, \u00fajrat\u00f6lthet\u0151, 490 ml-es kulacs k\u00f6nnyebb, mint a telefonod.<\/li>\n<li>3-r\u00e9szes kialak\u00edt\u00e1s\u00fa palack \u00e9s poh\u00e1r egyben, amit k\u00f6nny\u0171 megt\u00f6lteni, tiszt\u00edtani \u00e9s t\u00e1rolni.<\/li>\n<li>90%-ban \u00fajrahasznos\u00edtott rozsdamentes ac\u00e9lb\u00f3l k\u00e9sz\u00fclt.<\/li>\n<li>Mosogat\u00f3g\u00e9pben is tiszt\u00edthat\u00f3 65 Celsius-fokig.<\/li>\n<li>Ne feledd: ez a palack nem termosz!<\/li>\n<\/ul>\n","protected":false},"featured_media":28073,"comment_status":"open","ping_status":"closed","template":"","meta":{"_acf_changed":false,"inline_featured_image":false},"product_cat":[49],"product_tag":[103,228,367,105],"class_list":{"0":"post-11581","1":"product","2":"type-product","3":"status-publish","4":"has-post-thumbnail","6":"product_cat-kulacs","7":"product_tag-dopper","8":"product_tag-dp6200","9":"product_tag-ezu","10":"product_tag-kulacs","11":"pa_marka-dopper","12":"product_brand-dopper","14":"first","15":"instock","16":"taxable","17":"shipping-taxable","18":"purchasable","19":"product-type-simple"},"acf":[],"_links":{"self":[{"href":"https:\/\/lifee.hu\/teszt\/wp-json\/wp\/v2\/product\/11581","targetHints":{"allow":["GET"]}}],"collection":[{"href":"https:\/\/lifee.hu\/teszt\/wp-json\/wp\/v2\/product"}],"about":[{"href":"https:\/\/lifee.hu\/teszt\/wp-json\/wp\/v2\/types\/product"}],"replies":[{"embeddable":true,"href":"https:\/\/lifee.hu\/teszt\/wp-json\/wp\/v2\/comments?post=11581"}],"wp:featuredmedia":[{"embeddable":true,"href":"https:\/\/lifee.hu\/teszt\/wp-json\/wp\/v2\/media\/28073"}],"wp:attachment":[{"href":"https:\/\/lifee.hu\/teszt\/wp-json\/wp\/v2\/media?parent=11581"}],"wp:term":[{"taxonomy":"product_cat","embeddable":true,"href":"https:\/\/lifee.hu\/teszt\/wp-json\/wp\/v2\/product_cat?post=11581"},{"taxonomy":"product_tag","embeddable":true,"href":"https:\/\/lifee.hu\/teszt\/wp-json\/wp\/v2\/product_tag?post=11581"}],"curies":[{"name":"wp","href":"https:\/\/api.w.org\/{rel}","templated":true}]}}