{"id":1102,"date":"2023-05-30T05:38:35","date_gmt":"2023-05-30T03:38:35","guid":{"rendered":"https:\/\/lifee.hu\/teszt\/?post_type=product&#038;p=1102"},"modified":"2025-05-13T12:10:36","modified_gmt":"2025-05-13T10:10:36","slug":"dopper-kulacskarabiner","status":"publish","type":"product","link":"https:\/\/lifee.hu\/teszt\/termek\/dopper-kulacskarabiner\/","title":{"rendered":"DOPPER  kulacskarabiner (k\u00e9k)"},"content":{"rendered":"","protected":false},"excerpt":{"rendered":"<p style=\"font-weight: 400;\">Ezzel a praktikus kieg\u00e9sz\u00edt\u0151vel k\u00f6nnyed\u00e9n magaddal viheted a Dopper palackodat, ami \u00edgy mindig k\u00e9zn\u00e9l lesz.\u00a0 A modern tervez\u00e9s\u0171, kulacskarabiner \u00e9s gy\u0171r\u0171 alkotta hordoz\u00f3 r\u00e1ad\u00e1sul j\u00f3l is n\u00e9z ki.<\/p>\n<p style=\"font-weight: 400;\"><strong>Tulajdons\u00e1gok:<\/strong><\/p>\n<ul>\n<li>Minden Dopper palackkal kompatibilis<\/li>\n<li>A gy\u0171r\u0171 mosogat\u00f3g\u00e9pben is tiszt\u00edthat\u00f3 65 Celsius-fokig<\/li>\n<li>A karabiner kiz\u00e1r\u00f3lag k\u00e9ssel moshat\u00f3<\/li>\n<li>A karabiner nem haszn\u00e1lhat\u00f3 hegym\u00e1sz\u00e1shoz<\/li>\n<li>Hollandi\u00e1ban gy\u00e1rtott term\u00e9k<\/li>\n<\/ul>\n<p style=\"font-weight: 400;\"><strong>Anyagok:<\/strong><\/p>\n<ul>\n<li>TPE \u2013 termoplasztikus elasztomer (gy\u0171r\u0171)<\/li>\n<li>Alum\u00ednium (karabiner)<\/li>\n<\/ul>\n<p style=\"font-weight: 400;\"><strong>M\u00e9retek:<\/strong><\/p>\n<ul>\n<li>\u00c1tl\u00f3: 4,6 cm<\/li>\n<li>Hossz: 12,5 cm<\/li>\n<li>T\u00f6meg: 19 gramm<\/li>\n<\/ul>\n","protected":false},"featured_media":1108,"comment_status":"open","ping_status":"closed","template":"","meta":{"_acf_changed":false,"inline_featured_image":false},"product_cat":[49],"product_tag":[103,128,126],"class_list":{"0":"post-1102","1":"product","2":"type-product","3":"status-publish","4":"has-post-thumbnail","6":"product_cat-kulacs","7":"product_tag-dopper","8":"product_tag-karabiner","9":"product_tag-kiegeszito","10":"pa_marka-dopper","11":"product_brand-dopper","13":"first","14":"instock","15":"taxable","16":"shipping-taxable","17":"purchasable","18":"product-type-simple"},"acf":[],"_links":{"self":[{"href":"https:\/\/lifee.hu\/teszt\/wp-json\/wp\/v2\/product\/1102","targetHints":{"allow":["GET"]}}],"collection":[{"href":"https:\/\/lifee.hu\/teszt\/wp-json\/wp\/v2\/product"}],"about":[{"href":"https:\/\/lifee.hu\/teszt\/wp-json\/wp\/v2\/types\/product"}],"replies":[{"embeddable":true,"href":"https:\/\/lifee.hu\/teszt\/wp-json\/wp\/v2\/comments?post=1102"}],"wp:featuredmedia":[{"embeddable":true,"href":"https:\/\/lifee.hu\/teszt\/wp-json\/wp\/v2\/media\/1108"}],"wp:attachment":[{"href":"https:\/\/lifee.hu\/teszt\/wp-json\/wp\/v2\/media?parent=1102"}],"wp:term":[{"taxonomy":"product_cat","embeddable":true,"href":"https:\/\/lifee.hu\/teszt\/wp-json\/wp\/v2\/product_cat?post=1102"},{"taxonomy":"product_tag","embeddable":true,"href":"https:\/\/lifee.hu\/teszt\/wp-json\/wp\/v2\/product_tag?post=1102"}],"curies":[{"name":"wp","href":"https:\/\/api.w.org\/{rel}","templated":true}]}}