{"id":1096,"date":"2023-05-29T22:28:08","date_gmt":"2023-05-29T20:28:08","guid":{"rendered":"https:\/\/lifee.hu\/teszt\/?post_type=product&#038;p=1096"},"modified":"2025-05-13T12:08:42","modified_gmt":"2025-05-13T10:08:42","slug":"madareteto-o18x19-5cm-vilagoszold","status":"publish","type":"product","link":"https:\/\/lifee.hu\/teszt\/termek\/madareteto-o18x19-5cm-vilagoszold\/","title":{"rendered":"GUSTA mad\u00e1retet\u0151, vil\u00e1gosz\u00f6ld"},"content":{"rendered":"","protected":false},"excerpt":{"rendered":"<p style=\"font-weight: 400;\">Ez a st\u00edlusos, \u00fcde ny\u00e1ri sz\u00edn\u0171 mad\u00e1retet\u0151 minden madarat boldogg\u00e1 tesz, \u00e9s persze t\u00e9ged is, hiszen kedvedre n\u00e9zegetheted az odavonzott kerti mad\u00e1rk\u00e1kat. A nagy ny\u00edl\u00e1snak k\u00f6sz\u00f6nhet\u0151en sok di\u00f3f\u00e9le \u00e9s mag elf\u00e9r benne, mindenf\u00e9le madarat mag\u00e1hoz vonz, \u00e9s m\u00e9g j\u00f3l is mutat a kertben vagy az erk\u00e9lyen.\u00a0A vil\u00e1gosz\u00f6ld h\u00e1zhoz horoggal felszerelt k\u00f6t\u00e9l tartozik, \u00edgy az etet\u0151 k\u00f6nnyen felakaszthat\u00f3.<\/p>\n<p style=\"font-weight: 400;\">Anyag: bambusz, 100%-ban \u00fajrahasznos\u00edtott<br \/>\nM\u00e9ret: \u00d8 18 cm x 19,5 cm<br \/>\nSz\u00edn: vil\u00e1gosz\u00f6ld<\/p>\n","protected":false},"featured_media":1238,"comment_status":"open","ping_status":"closed","template":"","meta":{"_acf_changed":false,"inline_featured_image":false},"product_cat":[60],"product_tag":[118,120,122],"class_list":{"0":"post-1096","1":"product","2":"type-product","3":"status-publish","4":"has-post-thumbnail","6":"product_cat-kert","7":"product_tag-gusta","8":"product_tag-kert","9":"product_tag-madareteto","10":"pa_marka-gusta","11":"product_brand-gusta","13":"first","14":"instock","15":"taxable","16":"shipping-taxable","17":"purchasable","18":"product-type-simple"},"acf":[],"_links":{"self":[{"href":"https:\/\/lifee.hu\/teszt\/wp-json\/wp\/v2\/product\/1096","targetHints":{"allow":["GET"]}}],"collection":[{"href":"https:\/\/lifee.hu\/teszt\/wp-json\/wp\/v2\/product"}],"about":[{"href":"https:\/\/lifee.hu\/teszt\/wp-json\/wp\/v2\/types\/product"}],"replies":[{"embeddable":true,"href":"https:\/\/lifee.hu\/teszt\/wp-json\/wp\/v2\/comments?post=1096"}],"wp:featuredmedia":[{"embeddable":true,"href":"https:\/\/lifee.hu\/teszt\/wp-json\/wp\/v2\/media\/1238"}],"wp:attachment":[{"href":"https:\/\/lifee.hu\/teszt\/wp-json\/wp\/v2\/media?parent=1096"}],"wp:term":[{"taxonomy":"product_cat","embeddable":true,"href":"https:\/\/lifee.hu\/teszt\/wp-json\/wp\/v2\/product_cat?post=1096"},{"taxonomy":"product_tag","embeddable":true,"href":"https:\/\/lifee.hu\/teszt\/wp-json\/wp\/v2\/product_tag?post=1096"}],"curies":[{"name":"wp","href":"https:\/\/api.w.org\/{rel}","templated":true}]}}