{"id":1039,"date":"2023-05-28T15:47:47","date_gmt":"2023-05-28T13:47:47","guid":{"rendered":"https:\/\/lifee.hu\/teszt\/?post_type=product&#038;p=1039"},"modified":"2025-05-13T12:10:37","modified_gmt":"2025-05-13T10:10:37","slug":"doppel-termosz-blazing-black-580-ml","status":"publish","type":"product","link":"https:\/\/lifee.hu\/teszt\/termek\/doppel-termosz-blazing-black-580-ml\/","title":{"rendered":"DOPPER termosz 580 ml &#8211; Blazing Black (fekete)"},"content":{"rendered":"<p style=\"font-weight: 400;\"><strong>M\u00e9retek:<\/strong><\/p>\n<ul>\n<li>\u0170rtartalom: 580 ml<\/li>\n<li>\u00c1tm\u00e9r\u0151: 7,3 cm<\/li>\n<li>Magass\u00e1g: 26 cm<\/li>\n<li>S\u00faly: 370 g<\/li>\n<\/ul>\n<p style=\"font-weight: 400;\"><strong>Anyagok:<\/strong><\/p>\n<ul>\n<li>18\/8 rozsdamentes ac\u00e9l (palack \u00e9s kupak)<\/li>\n<li>PP \u2013 polipropil\u00e9n (kupak)<\/li>\n<li>Tritan \u2013 kopoli\u00e9szter (feh\u00e9r poh\u00e1r)<\/li>\n<li>Szilikon (t\u00f6m\u00edt\u0151gy\u0171r\u0171)<\/li>\n<li>BPA- \u00e9s k\u00e1rosanyag-mentes<\/li>\n<\/ul>\n","protected":false},"excerpt":{"rendered":"<p style=\"font-weight: 400;\"><strong>Egy palack n\u00e9gy \u00e9vszakra<\/strong><\/p>\n<p style=\"font-weight: 400;\">A karc\u00e1ll\u00f3, rozsdamenetes ac\u00e9lb\u00f3l k\u00e9sz\u00fclt Dopper termosszal mindig lehet n\u00e1lad ide\u00e1lis h\u0151m\u00e9rs\u00e9klet\u0171 \u2013 hideg vagy meleg \u2013 csapv\u00edz, id\u0151j\u00e1r\u00e1st\u00f3l f\u00fcggetlen\u00fcl. A termosz 9 \u00f3r\u00e1n \u00e1t melegen, vagy 24 \u00f3r\u00e1n \u00e1t hidegen tartja a vizet, a te\u00e1t \u00e9s a k\u00e1v\u00e9t, haszn\u00e1lat\u00e1val pedig eg\u00e9sz \u00e9vben \u00f3vod az \u00f3ce\u00e1nokat.<\/p>\n<p style=\"font-weight: 400;\"><strong>Tulajdons\u00e1gok:<\/strong><\/p>\n<ul>\n<li>Dupla fal\u00fa, v\u00e1kuumos<\/li>\n<li>Meleg \u00e9s hideg italokhoz<\/li>\n<li>Mosogat\u00f3g\u00e9pben is tiszt\u00edthat\u00f3 (65 Celsius-fokig)<\/li>\n<li>3-r\u00e9szes kialak\u00edt\u00e1s: k\u00f6nny\u0171 megt\u00f6lteni \u00e9s tiszt\u00edtani, a teteje poh\u00e1rk\u00e9nt haszn\u00e1lhat\u00f3<\/li>\n<li>Figyelmeztet\u00e9s: a tea \u00e9s a k\u00e1v\u00e9 miatt a m\u0171anyag por\u00e1r elsz\u00ednez\u0151dhet<\/li>\n<\/ul>\n","protected":false},"featured_media":73528,"comment_status":"open","ping_status":"closed","template":"","meta":{"_acf_changed":false,"inline_featured_image":false},"product_cat":[49],"product_tag":[295,103,116],"class_list":{"0":"post-1039","1":"product","2":"type-product","3":"status-publish","4":"has-post-thumbnail","6":"product_cat-kulacs","7":"product_tag-580-ml","8":"product_tag-dopper","9":"product_tag-termosz","10":"pa_marka-dopper","11":"product_brand-dopper","13":"first","14":"instock","15":"taxable","16":"shipping-taxable","17":"purchasable","18":"product-type-simple"},"acf":[],"_links":{"self":[{"href":"https:\/\/lifee.hu\/teszt\/wp-json\/wp\/v2\/product\/1039","targetHints":{"allow":["GET"]}}],"collection":[{"href":"https:\/\/lifee.hu\/teszt\/wp-json\/wp\/v2\/product"}],"about":[{"href":"https:\/\/lifee.hu\/teszt\/wp-json\/wp\/v2\/types\/product"}],"replies":[{"embeddable":true,"href":"https:\/\/lifee.hu\/teszt\/wp-json\/wp\/v2\/comments?post=1039"}],"wp:featuredmedia":[{"embeddable":true,"href":"https:\/\/lifee.hu\/teszt\/wp-json\/wp\/v2\/media\/73528"}],"wp:attachment":[{"href":"https:\/\/lifee.hu\/teszt\/wp-json\/wp\/v2\/media?parent=1039"}],"wp:term":[{"taxonomy":"product_cat","embeddable":true,"href":"https:\/\/lifee.hu\/teszt\/wp-json\/wp\/v2\/product_cat?post=1039"},{"taxonomy":"product_tag","embeddable":true,"href":"https:\/\/lifee.hu\/teszt\/wp-json\/wp\/v2\/product_tag?post=1039"}],"curies":[{"name":"wp","href":"https:\/\/api.w.org\/{rel}","templated":true}]}}