{"id":1025,"date":"2023-05-28T14:29:20","date_gmt":"2023-05-28T12:29:20","guid":{"rendered":"https:\/\/lifee.hu\/teszt\/?post_type=product&#038;p=1025"},"modified":"2025-05-13T12:10:37","modified_gmt":"2025-05-13T10:10:37","slug":"dopper-rozsdamentes-acelkulacs-11-l","status":"publish","type":"product","link":"https:\/\/lifee.hu\/teszt\/termek\/dopper-rozsdamentes-acelkulacs-11-l\/","title":{"rendered":"DOPPER rozsdamentes ac\u00e9lkulacs EZ\u00dcST (1,1 liter)"},"content":{"rendered":"<p style=\"font-weight: 400;\"><strong>M\u00e9retek:<\/strong><\/p>\n<ul>\n<li>\u0170rtartalom: 1,1 liter<\/li>\n<li>\u00c1tm\u00e9r\u0151: 8 cm<\/li>\n<li>Magass\u00e1g: 30 cm<\/li>\n<li>S\u00faly: 250 g<\/li>\n<\/ul>\n<p style=\"font-weight: 400;\"><strong>Anyagok:<\/strong><\/p>\n<ul>\n<li>18\/8 rozsdamentes ac\u00e9l (palack \u00e9s kupak)<\/li>\n<li>Tritan (poh\u00e1r)<\/li>\n<li>PP (kupak)<\/li>\n<li>Szilikon (t\u00f6m\u00edt\u0151gy\u0171r\u0171)<\/li>\n<li>BPA- \u00e9s k\u00e1rosanyag-mentes<\/li>\n<\/ul>\n","protected":false},"excerpt":{"rendered":"<p style=\"font-weight: 400;\"><strong>A t\u00f6k\u00e9letes 1,1 literes vizes palack a k\u00f6vetkez\u0151 kalandodhoz<\/strong><\/p>\n<p style=\"font-weight: 400;\"><strong>Tulajdons\u00e1gok:<\/strong><\/p>\n<ul>\n<li>A 250 grammos, 1,1 literes kulacs k\u00f6nnyebb, mint a telefonod<\/li>\n<li>Er\u0151s, strapab\u00edr\u00f3 rozsdamentes ac\u00e9lb\u00f3l k\u00e9sz\u00fclt (30%-ban \u00fajrahasznos\u00edtott ac\u00e9lb\u00f3l)<\/li>\n<li>Palack \u00e9s poh\u00e1r egyben<\/li>\n<li>3-r\u00e9szes kialak\u00edt\u00e1s: k\u00f6nny\u0171 megt\u00f6lteni, tiszt\u00edtani, t\u00e1rolni<\/li>\n<li>Mosogat\u00f3g\u00e9pben is tiszt\u00edthat\u00f3 65 Celsius-fokig<\/li>\n<li>Ne feledd: ez a palack nem termosz!<\/li>\n<\/ul>\n","protected":false},"featured_media":1027,"comment_status":"open","ping_status":"closed","template":"","meta":{"_acf_changed":false,"inline_featured_image":false},"product_cat":[49],"product_tag":[103,105],"class_list":{"0":"post-1025","1":"product","2":"type-product","3":"status-publish","4":"has-post-thumbnail","6":"product_cat-kulacs","7":"product_tag-dopper","8":"product_tag-kulacs","9":"pa_marka-dopper","10":"product_brand-dopper","12":"first","13":"instock","14":"taxable","15":"shipping-taxable","16":"purchasable","17":"product-type-simple"},"acf":[],"_links":{"self":[{"href":"https:\/\/lifee.hu\/teszt\/wp-json\/wp\/v2\/product\/1025","targetHints":{"allow":["GET"]}}],"collection":[{"href":"https:\/\/lifee.hu\/teszt\/wp-json\/wp\/v2\/product"}],"about":[{"href":"https:\/\/lifee.hu\/teszt\/wp-json\/wp\/v2\/types\/product"}],"replies":[{"embeddable":true,"href":"https:\/\/lifee.hu\/teszt\/wp-json\/wp\/v2\/comments?post=1025"}],"wp:featuredmedia":[{"embeddable":true,"href":"https:\/\/lifee.hu\/teszt\/wp-json\/wp\/v2\/media\/1027"}],"wp:attachment":[{"href":"https:\/\/lifee.hu\/teszt\/wp-json\/wp\/v2\/media?parent=1025"}],"wp:term":[{"taxonomy":"product_cat","embeddable":true,"href":"https:\/\/lifee.hu\/teszt\/wp-json\/wp\/v2\/product_cat?post=1025"},{"taxonomy":"product_tag","embeddable":true,"href":"https:\/\/lifee.hu\/teszt\/wp-json\/wp\/v2\/product_tag?post=1025"}],"curies":[{"name":"wp","href":"https:\/\/api.w.org\/{rel}","templated":true}]}}