{"id":1003,"date":"2023-05-28T08:55:13","date_gmt":"2023-05-28T06:55:13","guid":{"rendered":"https:\/\/lifee.hu\/teszt\/?post_type=product&#038;p=1003"},"modified":"2025-05-13T12:10:38","modified_gmt":"2025-05-13T10:10:38","slug":"dopper-uveg-termosz-450-ml","status":"publish","type":"product","link":"https:\/\/lifee.hu\/teszt\/termek\/dopper-uveg-termosz-450-ml\/","title":{"rendered":"DOPPER \u00fcvegtermosz (450 ml)"},"content":{"rendered":"<p style=\"font-weight: 400;\"><strong>M\u00e9retek:<\/strong><\/p>\n<ul>\n<li>\u0170rtartalom: 450 ml<\/li>\n<li>\u00c1tm\u00e9r\u0151: 7,3 cm<\/li>\n<li>Magass\u00e1g: 26 cm<\/li>\n<li>S\u00faly: 545 g<\/li>\n<\/ul>\n<p style=\"font-weight: 400;\"><strong>Anyagok:<\/strong><\/p>\n<ul>\n<li>Boroszilik\u00e1t \u00fcveg (palack)<\/li>\n<li>PP \u2013 polipropil\u00e9n (kupak)<\/li>\n<li>Tritan \u2013 kopoli\u00e9szter (feh\u00e9r poh\u00e1r)<\/li>\n<li>Szilikon (t\u00f6m\u00edt\u0151gy\u0171r\u0171)<\/li>\n<li>BPA- \u00e9s ftal\u00e1t-mentes<\/li>\n<\/ul>\n","protected":false},"excerpt":{"rendered":"<p style=\"font-weight: 400;\"><strong>Emelj\u00fck poharunkat!<\/strong><\/p>\n<p style=\"font-weight: 400;\">\u00d3ce\u00e1nv\u00e9delem luxuskivitelben: Dopper \u00fcvegpalackkal a m\u0171anyagszennyez\u00e9s ellen. Az ellen\u00e1ll\u00f3, folt- \u00e9s karc\u00e1ll\u00f3 boroszilik\u00e1t \u00fcvegb\u0151l k\u00e9sz\u00fclt, poh\u00e1rral ell\u00e1tott palackkal te is a krist\u00e1lytiszta v\u00edzre \u00e9s a m\u0171anyagmentes \u00f3ce\u00e1nra szavazol, st\u00edlusosan. Dupla al\u00e1nak k\u00f6sz\u00f6nhet\u0151en hossz\u00fa ideig a k\u00edv\u00e1nt h\u0151m\u00e9rs\u00e9kleten tartja az italt.<\/p>\n<p style=\"font-weight: 400;\">Tulajdons\u00e1gok:<\/p>\n<ul>\n<li>Dupla fal\u00fa, hosszan melegen\/hidegen tartja a vizet\/te\u00e1t<\/li>\n<li>3-r\u00e9szes kialak\u00edt\u00e1s: k\u00f6nny\u0171 megt\u00f6lteni \u00e9s tiszt\u00edtani, a teteje poh\u00e1rk\u00e9nt haszn\u00e1lhat\u00f3<\/li>\n<li>Mosogat\u00f3g\u00e9pben is tiszt\u00edthat\u00f3 (65 Celsius-fokig)<\/li>\n<li>A boroszilik\u00e1t \u00fcveg az edzett \u00fcvegn\u00e9l is ellen\u00e1ll\u00f3bb<\/li>\n<\/ul>\n","protected":false},"featured_media":19798,"comment_status":"open","ping_status":"closed","template":"","meta":{"_acf_changed":false,"inline_featured_image":false},"product_cat":[49],"product_tag":[103,116],"class_list":{"0":"post-1003","1":"product","2":"type-product","3":"status-publish","4":"has-post-thumbnail","6":"product_cat-kulacs","7":"product_tag-dopper","8":"product_tag-termosz","9":"pa_marka-dopper","10":"product_brand-dopper","12":"first","13":"instock","14":"taxable","15":"shipping-taxable","16":"purchasable","17":"product-type-simple"},"acf":[],"_links":{"self":[{"href":"https:\/\/lifee.hu\/teszt\/wp-json\/wp\/v2\/product\/1003","targetHints":{"allow":["GET"]}}],"collection":[{"href":"https:\/\/lifee.hu\/teszt\/wp-json\/wp\/v2\/product"}],"about":[{"href":"https:\/\/lifee.hu\/teszt\/wp-json\/wp\/v2\/types\/product"}],"replies":[{"embeddable":true,"href":"https:\/\/lifee.hu\/teszt\/wp-json\/wp\/v2\/comments?post=1003"}],"wp:featuredmedia":[{"embeddable":true,"href":"https:\/\/lifee.hu\/teszt\/wp-json\/wp\/v2\/media\/19798"}],"wp:attachment":[{"href":"https:\/\/lifee.hu\/teszt\/wp-json\/wp\/v2\/media?parent=1003"}],"wp:term":[{"taxonomy":"product_cat","embeddable":true,"href":"https:\/\/lifee.hu\/teszt\/wp-json\/wp\/v2\/product_cat?post=1003"},{"taxonomy":"product_tag","embeddable":true,"href":"https:\/\/lifee.hu\/teszt\/wp-json\/wp\/v2\/product_tag?post=1003"}],"curies":[{"name":"wp","href":"https:\/\/api.w.org\/{rel}","templated":true}]}}