{"id":465,"date":"2023-05-03T08:17:28","date_gmt":"2023-05-03T06:17:28","guid":{"rendered":"https:\/\/lifee.hu\/teszt\/?page_id=465"},"modified":"2025-02-15T09:02:15","modified_gmt":"2025-02-15T08:02:15","slug":"markak","status":"publish","type":"page","link":"https:\/\/lifee.hu\/teszt\/markak\/","title":{"rendered":"M\u00e1rk\u00e1k"},"content":{"rendered":"\t\t<div data-elementor-type=\"wp-page\" data-elementor-id=\"465\" class=\"elementor elementor-465\" data-elementor-settings=\"{&quot;element_pack_global_tooltip_width&quot;:{&quot;unit&quot;:&quot;px&quot;,&quot;size&quot;:&quot;&quot;,&quot;sizes&quot;:[]},&quot;element_pack_global_tooltip_width_tablet&quot;:{&quot;unit&quot;:&quot;px&quot;,&quot;size&quot;:&quot;&quot;,&quot;sizes&quot;:[]},&quot;element_pack_global_tooltip_width_mobile&quot;:{&quot;unit&quot;:&quot;px&quot;,&quot;size&quot;:&quot;&quot;,&quot;sizes&quot;:[]},&quot;element_pack_global_tooltip_padding&quot;:{&quot;unit&quot;:&quot;px&quot;,&quot;top&quot;:&quot;&quot;,&quot;right&quot;:&quot;&quot;,&quot;bottom&quot;:&quot;&quot;,&quot;left&quot;:&quot;&quot;,&quot;isLinked&quot;:true},&quot;element_pack_global_tooltip_padding_tablet&quot;:{&quot;unit&quot;:&quot;px&quot;,&quot;top&quot;:&quot;&quot;,&quot;right&quot;:&quot;&quot;,&quot;bottom&quot;:&quot;&quot;,&quot;left&quot;:&quot;&quot;,&quot;isLinked&quot;:true},&quot;element_pack_global_tooltip_padding_mobile&quot;:{&quot;unit&quot;:&quot;px&quot;,&quot;top&quot;:&quot;&quot;,&quot;right&quot;:&quot;&quot;,&quot;bottom&quot;:&quot;&quot;,&quot;left&quot;:&quot;&quot;,&quot;isLinked&quot;:true},&quot;element_pack_global_tooltip_border_radius&quot;:{&quot;unit&quot;:&quot;px&quot;,&quot;top&quot;:&quot;&quot;,&quot;right&quot;:&quot;&quot;,&quot;bottom&quot;:&quot;&quot;,&quot;left&quot;:&quot;&quot;,&quot;isLinked&quot;:true},&quot;element_pack_global_tooltip_border_radius_tablet&quot;:{&quot;unit&quot;:&quot;px&quot;,&quot;top&quot;:&quot;&quot;,&quot;right&quot;:&quot;&quot;,&quot;bottom&quot;:&quot;&quot;,&quot;left&quot;:&quot;&quot;,&quot;isLinked&quot;:true},&quot;element_pack_global_tooltip_border_radius_mobile&quot;:{&quot;unit&quot;:&quot;px&quot;,&quot;top&quot;:&quot;&quot;,&quot;right&quot;:&quot;&quot;,&quot;bottom&quot;:&quot;&quot;,&quot;left&quot;:&quot;&quot;,&quot;isLinked&quot;:true}}\" data-elementor-post-type=\"page\">\n\t\t\t\t\t\t<section data-exad-particle-enable=\"false\" class=\"elementor-section elementor-top-section elementor-element elementor-element-65a5812 elementor-section-boxed elementor-section-height-default elementor-section-height-default exad-parallax-effect-no exad-background-color-change-no exad-glass-effect-no exad-sticky-section-no\" data-id=\"65a5812\" data-element_type=\"section\">\n\t\t\t\t\t\t<div class=\"elementor-container elementor-column-gap-default\">\n\t\t\t\t\t<div class=\"elementor-column elementor-col-50 elementor-top-column elementor-element elementor-element-4cf1057 exad-sticky-section-no\" data-id=\"4cf1057\" data-element_type=\"column\">\n\t\t\t<div class=\"elementor-widget-wrap elementor-element-populated\">\n\t\t\t\t\t\t<div class=\"elementor-element elementor-element-72e25c1 exad-sticky-section-no exad-glass-effect-no elementor-widget elementor-widget-image\" data-id=\"72e25c1\" data-element_type=\"widget\" data-widget_type=\"image.default\">\n\t\t\t\t<div class=\"elementor-widget-container\">\n\t\t\t\t\t\t\t\t\t\t\t\t\t\t\t<img decoding=\"async\" src=\"https:\/\/lifee.hu\/teszt\/wp-content\/uploads\/elementor\/thumbs\/dopper-r2b5xcnwu7yv9tdtb76nhn6kxx2kzabqil92ghvv28.jpg\" title=\"dopper\" alt=\"dopper\" loading=\"lazy\" \/>\t\t\t\t\t\t\t\t\t\t\t\t\t\t\t<\/div>\n\t\t\t\t<\/div>\n\t\t\t\t<div class=\"elementor-element elementor-element-6fd5bd3 exad-sticky-section-no exad-glass-effect-no elementor-widget elementor-widget-text-editor\" data-id=\"6fd5bd3\" data-element_type=\"widget\" data-widget_type=\"text-editor.default\">\n\t\t\t\t<div class=\"elementor-widget-container\">\n\t\t\t\t\t\t\t\t\t<h4 class=\"cim\">DOPPER \u2013 <strong>T\u00f6ltsd \u00fajra a palackod!<\/strong><\/h4>\n<span class=\"leiras\">A holland Dopper palackok meg\u00e1lmod\u00f3j\u00e1t a k\u00f6rnyezet v\u00e9delm\u00e9nek nemes k\u00fcldet\u00e9se vez\u00e9relte, amikor el\u0151\u00e1llt a term\u00e9k\u00e9vel. A kiv\u00e1l\u00f3 min\u0151s\u00e9g\u0171, praktikus \u00e9s st\u00edlusos \u00fajrat\u00f6lthet\u0151 palackokkal kiv\u00e1lthat\u00f3 az eldobhat\u00f3 flakonok haszn\u00e1lata a mindennapokban, sportol\u00e1skor, kir\u00e1ndul\u00e1sokon.<\/span>\t\t\t\t\t\t\t\t<\/div>\n\t\t\t\t<\/div>\n\t\t\t\t<div class=\"elementor-element elementor-element-ae5310a exad-sticky-section-no exad-glass-effect-no elementor-widget elementor-widget-button\" data-id=\"ae5310a\" data-element_type=\"widget\" data-widget_type=\"button.default\">\n\t\t\t\t<div class=\"elementor-widget-container\">\n\t\t\t\t\t\t\t\t\t<div class=\"elementor-button-wrapper\">\n\t\t\t\t\t<a class=\"elementor-button elementor-button-link elementor-size-sm\" href=\"https:\/\/lifee.hu\/marka\/marka\/dopper\/\">\n\t\t\t\t\t\t<span class=\"elementor-button-content-wrapper\">\n\t\t\t\t\t\t\t\t\t<span class=\"elementor-button-text\">Term\u00e9kek<\/span>\n\t\t\t\t\t<\/span>\n\t\t\t\t\t<\/a>\n\t\t\t\t<\/div>\n\t\t\t\t\t\t\t\t<\/div>\n\t\t\t\t<\/div>\n\t\t\t\t\t<\/div>\n\t\t<\/div>\n\t\t\t\t<div class=\"elementor-column elementor-col-50 elementor-top-column elementor-element elementor-element-d0a15a8 exad-glass-effect-no exad-sticky-section-no\" data-id=\"d0a15a8\" data-element_type=\"column\">\n\t\t\t<div class=\"elementor-widget-wrap elementor-element-populated\">\n\t\t\t\t\t\t<div class=\"elementor-element elementor-element-f9deef5 exad-sticky-section-no exad-glass-effect-no elementor-widget elementor-widget-image\" data-id=\"f9deef5\" data-element_type=\"widget\" data-widget_type=\"image.default\">\n\t\t\t\t<div class=\"elementor-widget-container\">\n\t\t\t\t\t\t\t\t\t\t\t\t\t\t\t<img decoding=\"async\" src=\"https:\/\/lifee.hu\/teszt\/wp-content\/uploads\/elementor\/thumbs\/boska1000x1000-r2b5xcnwu7yv9tdtb76nhn6kxx2kzabqil92ghvv28.jpg\" title=\"boska1000x1000\" alt=\"boska1000x1000\" loading=\"lazy\" \/>\t\t\t\t\t\t\t\t\t\t\t\t\t\t\t<\/div>\n\t\t\t\t<\/div>\n\t\t\t\t<div class=\"elementor-element elementor-element-671e0ff exad-sticky-section-no exad-glass-effect-no elementor-widget elementor-widget-text-editor\" data-id=\"671e0ff\" data-element_type=\"widget\" data-widget_type=\"text-editor.default\">\n\t\t\t\t<div class=\"elementor-widget-container\">\n\t\t\t\t\t\t\t\t\t<h4 class=\"cim\">BOSKA &#8211; <strong>Konyhai eszk\u00f6z\u00f6k egy \u00e9letre<\/strong><\/h4>\n<span class=\"leiras\">A praktikus \u00e9s eszt\u00e9tikus konyhai eszk\u00f6z\u00f6ket gy\u00e1rt\u00f3 BOSKA filoz\u00f3fi\u00e1ja szerint a fenntarthat\u00f3s\u00e1g egyik kulcsa a pr\u00e9miummin\u0151s\u00e9g, \u00e9s val\u00f3ban: a kiv\u00e1l\u00f3 alapanyagoknak \u00e9s a gondos tervez\u00e9snek k\u00f6sz\u00f6nhet\u0151en ezek a term\u00e9kek egy \u00e9letre sz\u00f3lnak.<\/span>\t\t\t\t\t\t\t\t<\/div>\n\t\t\t\t<\/div>\n\t\t\t\t<div class=\"elementor-element elementor-element-eea7dbd exad-sticky-section-no exad-glass-effect-no elementor-widget elementor-widget-button\" data-id=\"eea7dbd\" data-element_type=\"widget\" data-widget_type=\"button.default\">\n\t\t\t\t<div class=\"elementor-widget-container\">\n\t\t\t\t\t\t\t\t\t<div class=\"elementor-button-wrapper\">\n\t\t\t\t\t<a class=\"elementor-button elementor-button-link elementor-size-sm\" href=\"https:\/\/lifee.hu\/marka\/marka\/boska\/\">\n\t\t\t\t\t\t<span class=\"elementor-button-content-wrapper\">\n\t\t\t\t\t\t\t\t\t<span class=\"elementor-button-text\">Term\u00e9kek<\/span>\n\t\t\t\t\t<\/span>\n\t\t\t\t\t<\/a>\n\t\t\t\t<\/div>\n\t\t\t\t\t\t\t\t<\/div>\n\t\t\t\t<\/div>\n\t\t\t\t\t<\/div>\n\t\t<\/div>\n\t\t\t\t\t<\/div>\n\t\t<\/section>\n\t\t\t\t<section data-exad-particle-enable=\"false\" class=\"elementor-section elementor-top-section elementor-element elementor-element-cc3b473 elementor-section-boxed elementor-section-height-default elementor-section-height-default exad-parallax-effect-no exad-background-color-change-no exad-glass-effect-no exad-sticky-section-no\" data-id=\"cc3b473\" data-element_type=\"section\">\n\t\t\t\t\t\t<div class=\"elementor-container elementor-column-gap-default\">\n\t\t\t\t\t<div class=\"elementor-column elementor-col-50 elementor-top-column elementor-element elementor-element-4624f52 exad-sticky-section-no\" data-id=\"4624f52\" data-element_type=\"column\">\n\t\t\t<div class=\"elementor-widget-wrap elementor-element-populated\">\n\t\t\t\t\t\t<div class=\"elementor-element elementor-element-e46d7d4 exad-sticky-section-no exad-glass-effect-no elementor-widget elementor-widget-image\" data-id=\"e46d7d4\" data-element_type=\"widget\" data-widget_type=\"image.default\">\n\t\t\t\t<div class=\"elementor-widget-container\">\n\t\t\t\t\t\t\t\t\t\t\t\t\t\t\t<img decoding=\"async\" src=\"https:\/\/lifee.hu\/teszt\/wp-content\/uploads\/elementor\/thumbs\/gusta1000x1000-r2b5xcnwu7yv9tdtb76nhn6kxx2kzabqil92ghvv28.jpg\" title=\"gusta1000x1000\" alt=\"gusta1000x1000\" loading=\"lazy\" \/>\t\t\t\t\t\t\t\t\t\t\t\t\t\t\t<\/div>\n\t\t\t\t<\/div>\n\t\t\t\t<div class=\"elementor-element elementor-element-5541a4f exad-sticky-section-no exad-glass-effect-no elementor-widget elementor-widget-text-editor\" data-id=\"5541a4f\" data-element_type=\"widget\" data-widget_type=\"text-editor.default\">\n\t\t\t\t<div class=\"elementor-widget-container\">\n\t\t\t\t\t\t\t\t\t<h4 class=\"cim\">GUSTA &#8211; <strong>St\u00edlus a konyh\u00e1ban<\/strong><\/h4>\n<span class=\"leiras\">\u00dcnnepeld a napot! \u2013 erre a szlogenre \u00e9p\u00edtette fel a holland Gusta a m\u00e1rk\u00e1j\u00e1t, de nemcsak a jelmondatuk, hanem a term\u00e9keik is arr\u00f3l tan\u00faskodnak, hogy szerint\u00fck \u00fagy \u00e9rdemes \u00e9lni, mintha minden nap \u00fcnnepnap lenne. \u00c9s minden \u00fcnnep a konyh\u00e1ban kezd\u0151dik\u2026<\/span>\t\t\t\t\t\t\t\t<\/div>\n\t\t\t\t<\/div>\n\t\t\t\t<div class=\"elementor-element elementor-element-856b986 exad-sticky-section-no exad-glass-effect-no elementor-widget elementor-widget-button\" data-id=\"856b986\" data-element_type=\"widget\" data-widget_type=\"button.default\">\n\t\t\t\t<div class=\"elementor-widget-container\">\n\t\t\t\t\t\t\t\t\t<div class=\"elementor-button-wrapper\">\n\t\t\t\t\t<a class=\"elementor-button elementor-button-link elementor-size-sm\" href=\"https:\/\/lifee.hu\/marka\/marka\/gusta\/\">\n\t\t\t\t\t\t<span class=\"elementor-button-content-wrapper\">\n\t\t\t\t\t\t\t\t\t<span class=\"elementor-button-text\">Term\u00e9kek<\/span>\n\t\t\t\t\t<\/span>\n\t\t\t\t\t<\/a>\n\t\t\t\t<\/div>\n\t\t\t\t\t\t\t\t<\/div>\n\t\t\t\t<\/div>\n\t\t\t\t\t<\/div>\n\t\t<\/div>\n\t\t\t\t<div class=\"elementor-column elementor-col-50 elementor-top-column elementor-element elementor-element-e90fc99 exad-glass-effect-no exad-sticky-section-no\" data-id=\"e90fc99\" data-element_type=\"column\">\n\t\t\t<div class=\"elementor-widget-wrap elementor-element-populated\">\n\t\t\t\t\t\t<div class=\"elementor-element elementor-element-5a1e8ec exad-sticky-section-no exad-glass-effect-no elementor-widget elementor-widget-image\" data-id=\"5a1e8ec\" data-element_type=\"widget\" data-widget_type=\"image.default\">\n\t\t\t\t<div class=\"elementor-widget-container\">\n\t\t\t\t\t\t\t\t\t\t\t\t\t\t\t<img decoding=\"async\" src=\"https:\/\/lifee.hu\/teszt\/wp-content\/uploads\/elementor\/thumbs\/Deluxe-homeart-r2b5xcnwu7yv9tdtb76nhn6kxx2kzabqil92ghvv28.jpg\" title=\"Deluxe-homeart\" alt=\"Deluxe-homeart\" loading=\"lazy\" \/>\t\t\t\t\t\t\t\t\t\t\t\t\t\t\t<\/div>\n\t\t\t\t<\/div>\n\t\t\t\t<div class=\"elementor-element elementor-element-18d3cff exad-sticky-section-no exad-glass-effect-no elementor-widget elementor-widget-text-editor\" data-id=\"18d3cff\" data-element_type=\"widget\" data-widget_type=\"text-editor.default\">\n\t\t\t\t<div class=\"elementor-widget-container\">\n\t\t\t\t\t\t\t\t\t<h4 class=\"cim\">DELUXEHOMEART &#8211; <strong>Hangulatos, tart\u00f3s gyerty\u00e1k<\/strong><\/h4>\n<span class=\"leiras\">A d\u00e1n DeluxeHomeart csodasz\u00e9p LED gyerty\u00e1k nagy v\u00e1laszt\u00e9k\u00e1t k\u00edn\u00e1lja. A hagyom\u00e1nyos \u00e9s t\u00e1vir\u00e1ny\u00edt\u00f3s v\u00e1ltozatban is el\u00e9rhet\u0151 korszer\u0171, biztons\u00e1gos, az igazira megsz\u00f3lal\u00e1sig hasonl\u00edt\u00f3 term\u00e9kek var\u00e1zslatos hangulatot teremtenek a mindennapokban \u00e9s k\u00fcl\u00f6nleges alkalmakkor, \u00fcnnepekkor.<\/span>\t\t\t\t\t\t\t\t<\/div>\n\t\t\t\t<\/div>\n\t\t\t\t<div class=\"elementor-element elementor-element-e25fb74 exad-sticky-section-no exad-glass-effect-no elementor-widget elementor-widget-button\" data-id=\"e25fb74\" data-element_type=\"widget\" data-widget_type=\"button.default\">\n\t\t\t\t<div class=\"elementor-widget-container\">\n\t\t\t\t\t\t\t\t\t<div class=\"elementor-button-wrapper\">\n\t\t\t\t\t<a class=\"elementor-button elementor-button-link elementor-size-sm\" href=\"https:\/\/lifee.hu\/marka\/marka\/deluxehomeart\/\">\n\t\t\t\t\t\t<span class=\"elementor-button-content-wrapper\">\n\t\t\t\t\t\t\t\t\t<span class=\"elementor-button-text\">Term\u00e9kek<\/span>\n\t\t\t\t\t<\/span>\n\t\t\t\t\t<\/a>\n\t\t\t\t<\/div>\n\t\t\t\t\t\t\t\t<\/div>\n\t\t\t\t<\/div>\n\t\t\t\t\t<\/div>\n\t\t<\/div>\n\t\t\t\t\t<\/div>\n\t\t<\/section>\n\t\t\t\t<\/div>\n\t\t","protected":false},"excerpt":{"rendered":"<p>DOPPER \u2013 T\u00f6ltsd \u00fajra a palackod! A holland Dopper palackok meg\u00e1lmod\u00f3j\u00e1t a k\u00f6rnyezet v\u00e9delm\u00e9nek nemes k\u00fcldet\u00e9se vez\u00e9relte, amikor el\u0151\u00e1llt a term\u00e9k\u00e9vel. A kiv\u00e1l\u00f3 min\u0151s\u00e9g\u0171, praktikus \u00e9s st\u00edlusos \u00fajrat\u00f6lthet\u0151 palackokkal kiv\u00e1lthat\u00f3 az eldobhat\u00f3 flakonok haszn\u00e1lata a mindennapokban, sportol\u00e1skor, kir\u00e1ndul\u00e1sokon. Term\u00e9kek BOSKA &#8211; Konyhai eszk\u00f6z\u00f6k egy \u00e9letre A praktikus \u00e9s eszt\u00e9tikus konyhai eszk\u00f6z\u00f6ket gy\u00e1rt\u00f3 BOSKA filoz\u00f3fi\u00e1ja szerint &#8230; <a title=\"M\u00e1rk\u00e1k\" class=\"read-more\" href=\"https:\/\/lifee.hu\/teszt\/markak\/\" aria-label=\"Read more about M\u00e1rk\u00e1k\">Olvass tov\u00e1bb<\/a><\/p>\n","protected":false},"author":2,"featured_media":0,"parent":0,"menu_order":0,"comment_status":"closed","ping_status":"closed","template":"elementor_header_footer","meta":{"_acf_changed":false,"inline_featured_image":false,"footnotes":""},"class_list":["post-465","page","type-page","status-publish"],"acf":[],"_links":{"self":[{"href":"https:\/\/lifee.hu\/teszt\/wp-json\/wp\/v2\/pages\/465","targetHints":{"allow":["GET"]}}],"collection":[{"href":"https:\/\/lifee.hu\/teszt\/wp-json\/wp\/v2\/pages"}],"about":[{"href":"https:\/\/lifee.hu\/teszt\/wp-json\/wp\/v2\/types\/page"}],"author":[{"embeddable":true,"href":"https:\/\/lifee.hu\/teszt\/wp-json\/wp\/v2\/users\/2"}],"replies":[{"embeddable":true,"href":"https:\/\/lifee.hu\/teszt\/wp-json\/wp\/v2\/comments?post=465"}],"version-history":[{"count":6,"href":"https:\/\/lifee.hu\/teszt\/wp-json\/wp\/v2\/pages\/465\/revisions"}],"predecessor-version":[{"id":84470,"href":"https:\/\/lifee.hu\/teszt\/wp-json\/wp\/v2\/pages\/465\/revisions\/84470"}],"wp:attachment":[{"href":"https:\/\/lifee.hu\/teszt\/wp-json\/wp\/v2\/media?parent=465"}],"curies":[{"name":"wp","href":"https:\/\/api.w.org\/{rel}","templated":true}]}}